{"id":22,"date":"2021-10-25T13:19:05","date_gmt":"2021-10-25T13:19:05","guid":{"rendered":"https:\/\/dev.rangkuti-purmerend.nl\/?page_id=22"},"modified":"2021-11-26T10:22:04","modified_gmt":"2021-11-26T10:22:04","slug":"acupunctuur","status":"publish","type":"page","link":"https:\/\/dev.rangkuti-purmerend.nl\/?page_id=22","title":{"rendered":"Acupunctuur"},"content":{"rendered":"<p>[et_pb_section fb_built=&#8221;1&#8243; _builder_version=&#8221;4.13.1&#8243; _module_preset=&#8221;default&#8221; width=&#8221;100%&#8221; max_width=&#8221;100%&#8221; global_colors_info=&#8221;{}&#8221;][et_pb_row custom_padding_last_edited=&#8221;on|phone&#8221; _builder_version=&#8221;4.13.1&#8243; _module_preset=&#8221;default&#8221; custom_padding_tablet=&#8221;&#8221; custom_padding_phone=&#8221;20px|20px|20px|20px|true|true&#8221; global_colors_info=&#8221;{}&#8221;][et_pb_column type=&#8221;4_4&#8243; _builder_version=&#8221;4.11.4&#8243; _module_preset=&#8221;default&#8221; global_colors_info=&#8221;{}&#8221;][et_pb_text _builder_version=&#8221;4.13.1&#8243; _module_preset=&#8221;c8e9d014-2b01-4dde-bcf4-e2145ba56d73&#8243; global_colors_info=&#8221;{}&#8221; header_2_font_size__hover_enabled=&#8221;off|desktop&#8221; text_font_size__hover_enabled=&#8221;off|desktop&#8221;]<\/p>\n<h2 style=\"text-align: center;\">Acupunctuur: traditionele chinese geneeskunde in een modern jasje<\/h2>\n<p style=\"text-align: center;\"><strong>In onze praktijk zijn Arita Rangkuti en Pieter Faber de acupuncturisten. Beiden met een enorme dosis ervaring. <\/strong><\/p>\n<p>[\/et_pb_text][\/et_pb_column][\/et_pb_row][et_pb_row column_structure=&#8221;2_3,1_3&#8243; _builder_version=&#8221;4.13.0&#8243; _module_preset=&#8221;default&#8221; global_colors_info=&#8221;{}&#8221;][et_pb_column type=&#8221;2_3&#8243; _builder_version=&#8221;4.11.4&#8243; _module_preset=&#8221;default&#8221; global_colors_info=&#8221;{}&#8221;][et_pb_text _builder_version=&#8221;4.13.0&#8243; _module_preset=&#8221;_initial&#8221; header_3_font_size=&#8221;24px&#8221; text_orientation=&#8221;center&#8221; global_colors_info=&#8221;{}&#8221;]<\/p>\n<h2 style=\"text-align: left;\">Wat is dat, acupunctuur?<\/h2>\n<p style=\"text-align: left;\">Acupunctuur is \u00e9\u00e9n van de therapie\u00ebn die onderdeel zijn van de Traditionele Chinese Geneeskunde. Het aanbrengen van dunne naalden zorgt voor herstel van de energiebalans in het lichaam. In een niet-gezond lichaam is er altijd een verstoring van de energiebalans. Tijdens het aanbrengen van naalden voel je een prikje. Het doet geen pijn.<br \/>Belangrijke voorwaarde voor acupunctuur is de aanwezigheid van energie. Als iemand futloos is, wordt acupunctuur vaak voorafgegaan door therapievormen die energie aan het lichaam kunnen toevoegen zoals lichttherapie, verandering van het voedingspatroon of inname van voedingssupplementen of Chinese kruiden.<\/p>\n<p>[\/et_pb_text][\/et_pb_column][et_pb_column type=&#8221;1_3&#8243; _builder_version=&#8221;4.11.4&#8243; _module_preset=&#8221;default&#8221; global_colors_info=&#8221;{}&#8221;][et_pb_image src=&#8221;https:\/\/dev.rangkuti-purmerend.nl\/wp-content\/uploads\/2021\/10\/Foto-3-1.jpg&#8221; title_text=&#8221;Foto 3&#8243; _builder_version=&#8221;4.13.0&#8243; _module_preset=&#8221;default&#8221; module_alignment=&#8221;left&#8221; height=&#8221;296px&#8221; global_colors_info=&#8221;{}&#8221;][\/et_pb_image][\/et_pb_column][\/et_pb_row][et_pb_row column_structure=&#8221;1_2,1_2&#8243; _builder_version=&#8221;4.13.0&#8243; _module_preset=&#8221;default&#8221; custom_padding=&#8221;100px|50px||50px|false|true&#8221; global_colors_info=&#8221;{}&#8221;][et_pb_column type=&#8221;1_2&#8243; _builder_version=&#8221;4.11.4&#8243; _module_preset=&#8221;default&#8221; global_colors_info=&#8221;{}&#8221;][et_pb_image src=&#8221;https:\/\/dev.rangkuti-purmerend.nl\/wp-content\/uploads\/2021\/10\/Foto-4-1.jpg&#8221; title_text=&#8221;Foto 4&#8243; _builder_version=&#8221;4.11.4&#8243; _module_preset=&#8221;default&#8221; global_colors_info=&#8221;{}&#8221;][\/et_pb_image][\/et_pb_column][et_pb_column type=&#8221;1_2&#8243; _builder_version=&#8221;4.13.0&#8243; _module_preset=&#8221;default&#8221; global_colors_info=&#8221;{}&#8221;][et_pb_text _builder_version=&#8221;4.13.1&#8243; _module_preset=&#8221;default&#8221; header_3_font_size=&#8221;24px&#8221; global_colors_info=&#8221;{}&#8221;]<\/p>\n<h2><strong>Werkwijze<\/strong><\/h2>\n<p>Een eerste acupunctuurconsult bestaat uit een anamnese en een onderzoek. De anamnese is uitgebreid. Hierbij worden de klachten, medische historie, gebruikte medicijnen en de hulpvraag besproken. Ook andere aspecten van de menselijke gezondheid worden uitgevraagd, zoals slaappatroon, spijsvertering, stress- en spanningsniveau, emotionele toestand en lichamelijk functioneren.<\/p>\n<p>Bij het onderzoek wordt het lichaam gepalpeerd en allerlei testen gedaan. Hiernaast worden pols en de tong (en de buik) onderzocht voor diagnose vanuit de gezondheidsproblematiek vanuit een acupunctuurperspectief. De anamnese, het onderzoek en de pols- en tongdiagnose vormen de basis voor de behandeling.<\/p>\n<p>&nbsp;<\/p>\n<p>[\/et_pb_text][\/et_pb_column][\/et_pb_row][et_pb_row _builder_version=&#8221;4.13.0&#8243; _module_preset=&#8221;default&#8221; global_colors_info=&#8221;{}&#8221;][et_pb_column type=&#8221;4_4&#8243; _builder_version=&#8221;4.13.0&#8243; _module_preset=&#8221;default&#8221; global_colors_info=&#8221;{}&#8221;][et_pb_text _builder_version=&#8221;4.13.0&#8243; _module_preset=&#8221;default&#8221; text_line_height=&#8221;1.2em&#8221; header_2_font_size=&#8221;31px&#8221; global_colors_info=&#8221;{}&#8221;]<\/p>\n<h2>In de praktijk behandelen wij een groot scala aan klachten. Denk bijvoorbeeld aan:<\/h2>\n<p>&nbsp;<\/p>\n<p><strong>Klachten aan het bewegings-apparaat<\/strong>, zoals nek- en rugklachten, ischias, schouder-, rug- en heupklachten, klachten, bursitis, knie-en enkel klachten, achillespeesklachte<\/p>\n<p><strong>Neurologische klachten<\/strong>, zoals polyneuropathieen, krachtsverlies, tintelingen, gevoelloosheid<\/p>\n<p><strong>Psychosomatische klachten<\/strong>, zoals depressiviteit, angsten, lusteloosheid, fybromyalgie en chronsiche vermoeidheid<\/p>\n<p><strong>Klachten ontstaan door orgaanproblematiek<\/strong>, zoals misselijkheid, maagpijn, obstipatie, spataders, menstruatieproblemen, asthma, hooikoorts, allergieen, bedplassen, kinderziekten, huidklachten<\/p>\n<p><strong>Sportgerelateerde klachten<\/strong>, zowel acute klachten als langerdurende klachten met ondersteuning voor reintegratie in de sport<\/p>\n<p>[\/et_pb_text][\/et_pb_column][\/et_pb_row][et_pb_row custom_padding_last_edited=&#8221;on|phone&#8221; _builder_version=&#8221;4.13.1&#8243; _module_preset=&#8221;default&#8221; custom_padding_tablet=&#8221;0px|50px|0px|50px|true|true&#8221; custom_padding_phone=&#8221;0px|50px|0px|50px|true|true&#8221; global_colors_info=&#8221;{}&#8221;][et_pb_column type=&#8221;4_4&#8243; _builder_version=&#8221;4.13.0&#8243; _module_preset=&#8221;default&#8221; global_colors_info=&#8221;{}&#8221;][et_pb_text _builder_version=&#8221;4.13.1&#8243; _module_preset=&#8221;c8e9d014-2b01-4dde-bcf4-e2145ba56d73&#8243; global_colors_info=&#8221;{}&#8221; text_font_size__hover_enabled=&#8221;off|desktop&#8221;]<\/p>\n<p style=\"text-align: center;\">Een acupunctuurbehandeling verloopt als volgt. De behandeling vindt plaats op een comfortabele behandelbank met matras. Voorafgaand aan de behandeling worden een aantal kleren uitgedaan, zoals de sokken, de jas en een trui of vest. Naaldjes kunnen geplaatst worden in de voeten, onderbenen, buik, onderarmen, handen en het hoofd. Deze lichaamsonderdelen moeten dus beschikbaar zijn.<\/p>\n<p>[\/et_pb_text][\/et_pb_column][\/et_pb_row][\/et_pb_section]<\/p>\n","protected":false},"excerpt":{"rendered":"<p>Acupunctuur: traditionele chinese geneeskunde in een modern jasje In onze praktijk zijn Arita Rangkuti en Pieter Faber de acupuncturisten. Beiden met een enorme dosis ervaring. Wat is dat, acupunctuur? Acupunctuur is \u00e9\u00e9n van de therapie\u00ebn die onderdeel zijn van de Traditionele Chinese Geneeskunde. Het aanbrengen van dunne naalden zorgt voor herstel van de energiebalans in [&hellip;]<\/p>\n","protected":false},"author":6,"featured_media":0,"parent":0,"menu_order":0,"comment_status":"closed","ping_status":"closed","template":"","meta":{"_et_pb_use_builder":"on","_et_pb_old_content":"<!-- wp:divi\/placeholder \/-->","_et_gb_content_width":"","footnotes":""},"class_list":["post-22","page","type-page","status-publish","hentry"],"_links":{"self":[{"href":"https:\/\/dev.rangkuti-purmerend.nl\/index.php?rest_route=\/wp\/v2\/pages\/22","targetHints":{"allow":["GET"]}}],"collection":[{"href":"https:\/\/dev.rangkuti-purmerend.nl\/index.php?rest_route=\/wp\/v2\/pages"}],"about":[{"href":"https:\/\/dev.rangkuti-purmerend.nl\/index.php?rest_route=\/wp\/v2\/types\/page"}],"author":[{"embeddable":true,"href":"https:\/\/dev.rangkuti-purmerend.nl\/index.php?rest_route=\/wp\/v2\/users\/6"}],"replies":[{"embeddable":true,"href":"https:\/\/dev.rangkuti-purmerend.nl\/index.php?rest_route=%2Fwp%2Fv2%2Fcomments&post=22"}],"version-history":[{"count":15,"href":"https:\/\/dev.rangkuti-purmerend.nl\/index.php?rest_route=\/wp\/v2\/pages\/22\/revisions"}],"predecessor-version":[{"id":836,"href":"https:\/\/dev.rangkuti-purmerend.nl\/index.php?rest_route=\/wp\/v2\/pages\/22\/revisions\/836"}],"wp:attachment":[{"href":"https:\/\/dev.rangkuti-purmerend.nl\/index.php?rest_route=%2Fwp%2Fv2%2Fmedia&parent=22"}],"curies":[{"name":"wp","href":"https:\/\/api.w.org\/{rel}","templated":true}]}}