{"id":14,"date":"2021-10-25T13:17:42","date_gmt":"2021-10-25T13:17:42","guid":{"rendered":"https:\/\/dev.rangkuti-purmerend.nl\/?page_id=14"},"modified":"2022-07-05T10:51:45","modified_gmt":"2022-07-05T10:51:45","slug":"home","status":"publish","type":"page","link":"https:\/\/dev.rangkuti-purmerend.nl\/","title":{"rendered":"Home"},"content":{"rendered":"<p>[et_pb_section fb_built=&#8221;1&#8243; fullwidth=&#8221;on&#8221; custom_padding_last_edited=&#8221;on|phone&#8221; _builder_version=&#8221;4.16&#8243; _module_preset=&#8221;default&#8221; background_enable_image=&#8221;off&#8221; height=&#8221;316px&#8221; height_tablet=&#8221;416px&#8221; height_phone=&#8221;176px&#8221; height_last_edited=&#8221;on|phone&#8221; custom_margin=&#8221;||20px||false|false&#8221; custom_padding_tablet=&#8221;|0px||0px|false|true&#8221; custom_padding_phone=&#8221;|0px|0px|0px|false|true&#8221; da_disable_devices=&#8221;off|off|off&#8221; global_colors_info=&#8221;{}&#8221; da_is_popup=&#8221;off&#8221; da_exit_intent=&#8221;off&#8221; da_has_close=&#8221;on&#8221; da_alt_close=&#8221;off&#8221; da_dark_close=&#8221;off&#8221; da_not_modal=&#8221;on&#8221; da_is_singular=&#8221;off&#8221; da_with_loader=&#8221;off&#8221; da_has_shadow=&#8221;on&#8221;][et_pb_fullwidth_slider show_arrows=&#8221;off&#8221; show_pagination=&#8221;off&#8221; _builder_version=&#8221;4.16&#8243; _module_preset=&#8221;default&#8221; header_font=&#8221;||||||||&#8221; header_text_align=&#8221;center&#8221; header_text_color=&#8221;#E0E6DB&#8221; header_font_size=&#8221;42px&#8221; background_image=&#8221;https:\/\/dev.rangkuti-purmerend.nl\/wp-content\/uploads\/2021\/10\/Untitled-1.png&#8221; z_index=&#8221;500&#8243; content_width=&#8221;auto&#8221; content_width_tablet=&#8221;auto&#8221; content_width_phone=&#8221;auto&#8221; content_width_last_edited=&#8221;on|tablet&#8221; height_tablet=&#8221;422px&#8221; height_phone=&#8221;146px&#8221; height_last_edited=&#8221;on|desktop&#8221; custom_margin=&#8221;||-2px|||&#8221; custom_padding_tablet=&#8221;&#8221; custom_padding_phone=&#8221;||0px||false|false&#8221; custom_padding_last_edited=&#8221;on|tablet&#8221; header_font_size_tablet=&#8221;42px&#8221; header_font_size_phone=&#8221;1px&#8221; header_font_size_last_edited=&#8221;on|desktop&#8221; box_shadow_style=&#8221;preset6&#8243; box_shadow_blur=&#8221;34px&#8221; box_shadow_spread=&#8221;1px&#8221; box_shadow_color=&#8221;#E77728&#8243; box_shadow_position=&#8221;outer&#8221; global_colors_info=&#8221;{}&#8221;][et_pb_slide heading=&#8221;FYTA&#8221; text_overlay_color=&#8221;rgba(231,119,40,0.47)&#8221; text_border_radius=&#8221;10px&#8221; _builder_version=&#8221;4.16&#8243; _module_preset=&#8221;default&#8221; header_font=&#8221;Alike Angular||||||||&#8221; header_text_align=&#8221;center&#8221; header_font_size=&#8221;98px&#8221; header_letter_spacing=&#8221;6px&#8221; header_line_height=&#8221;0.9em&#8221; background_enable_color=&#8221;off&#8221; text_orientation=&#8221;center&#8221; width=&#8221;31%&#8221; width_tablet=&#8221;31%&#8221; width_phone=&#8221;31%&#8221; width_last_edited=&#8221;on|phone&#8221; max_width=&#8221;99%&#8221; custom_padding=&#8221;||||false|true&#8221; custom_padding_tablet=&#8221;|0px||0px|false|true&#8221; custom_padding_phone=&#8221;|0px||0px|false|true&#8221; custom_padding_last_edited=&#8221;on|phone&#8221; header_font_size_tablet=&#8221;63px&#8221; header_font_size_phone=&#8221;16px&#8221; header_font_size_last_edited=&#8221;on|phone&#8221; header_letter_spacing_tablet=&#8221;0px&#8221; header_letter_spacing_phone=&#8221;0px&#8221; header_letter_spacing_last_edited=&#8221;on|phone&#8221; global_colors_info=&#8221;{}&#8221; sticky_transition=&#8221;on&#8221;][\/et_pb_slide][\/et_pb_fullwidth_slider][\/et_pb_section][et_pb_section fb_built=&#8221;1&#8243; _builder_version=&#8221;4.16&#8243; _module_preset=&#8221;default&#8221; custom_padding=&#8221;0px|130px|0px|130px|false|true&#8221; custom_padding_tablet=&#8221;0px|0px|0px|0px|false|true&#8221; custom_padding_phone=&#8221;0px|10px|0px|10px|false|true&#8221; da_disable_devices=&#8221;off|off|off&#8221; global_colors_info=&#8221;{}&#8221; da_is_popup=&#8221;off&#8221; da_exit_intent=&#8221;off&#8221; da_has_close=&#8221;on&#8221; da_alt_close=&#8221;off&#8221; da_dark_close=&#8221;off&#8221; da_not_modal=&#8221;on&#8221; da_is_singular=&#8221;off&#8221; da_with_loader=&#8221;off&#8221; da_has_shadow=&#8221;on&#8221;][et_pb_row make_equal=&#8221;on&#8221; custom_padding_last_edited=&#8221;on|phone&#8221; _builder_version=&#8221;4.16&#8243; _module_preset=&#8221;default&#8221; max_width=&#8221;1840px&#8221; custom_padding=&#8221;40px|50px|40px|50px|true|true&#8221; custom_padding_tablet=&#8221;40px|50px|40px|50px|true|true&#8221; custom_padding_phone=&#8221;5px|5px|5px|5px|true|true&#8221; global_colors_info=&#8221;{}&#8221;][et_pb_column type=&#8221;4_4&#8243; _builder_version=&#8221;4.16&#8243; _module_preset=&#8221;default&#8221; global_colors_info=&#8221;{}&#8221;][et_pb_text _builder_version=&#8221;4.16&#8243; _module_preset=&#8221;c8e9d014-2b01-4dde-bcf4-e2145ba56d73&#8243; global_colors_info=&#8221;{}&#8221; content__hover_enabled=&#8221;off|hover&#8221;]<\/p>\n<h2 style=\"text-align: center;\"><strong>Welkom<\/strong><\/h2>\n<p style=\"text-align: center;\">Fyta is een multidisciplinaire praktijk in Purmerend. Wij zijn gespecialiseerd in acupunctuur en fysiotherapie, maar ook in voeding, Chinese kruiden, orthomoleculaire supplementen en adviezen, lichttherapie en personal training. We doen dit al heel lang, met goede resultaten.<\/p>\n<p style=\"text-align: center;\">Onze praktijk is gevestigd in Weidevenne en heeft een nevenvestiging in dezelfde straat: Acupunctuurpraktijk Rangkuti\u00a0\u00a0Purmerend.<\/p>\n<p>&nbsp;<\/p>\n<p>[\/et_pb_text][\/et_pb_column][\/et_pb_row][et_pb_row column_structure=&#8221;1_2,1_2&#8243; make_equal=&#8221;on&#8221; custom_padding_last_edited=&#8221;on|phone&#8221; _builder_version=&#8221;4.16&#8243; _module_preset=&#8221;default&#8221; max_width=&#8221;1840px&#8221; custom_padding=&#8221;40px|50px|40px|50px|true|true&#8221; custom_padding_tablet=&#8221;40px|50px|40px|50px|true|true&#8221; custom_padding_phone=&#8221;5px|5px|5px|5px|true|true&#8221; global_colors_info=&#8221;{}&#8221;][et_pb_column type=&#8221;1_2&#8243; _builder_version=&#8221;4.16&#8243; _module_preset=&#8221;default&#8221; global_colors_info=&#8221;{}&#8221;][et_pb_text _builder_version=&#8221;4.16&#8243; _module_preset=&#8221;default&#8221; custom_padding_tablet=&#8221;||30px||false|false&#8221; custom_padding_phone=&#8221;||30px||false|false&#8221; custom_padding_last_edited=&#8221;on|phone&#8221; global_colors_info=&#8221;{}&#8221;]<\/p>\n<h2><strong>Werkwijze <\/strong><\/h2>\n<p>U kunt bij ons een afspraak maken voor fysiotherapie of acupunctuur. Als de beste aanpak niet duidelijk is, wordt dit tijdens de eerste afspraak vastgesteld.\u00a0De eerste afspraak bestaat altijd uit een vraaggesprek (anamnese), een onderzoek en indien van toepassing een behandeling.<\/p>\n<p>Resultaat van anamnese en onderzoek is een behandelplan. Meestal wordt er direct behandeld.<\/p>\n<p>Een fysiotherapiebehandeling vindt plaats op de behandelbank of in de oefenzaal en duurt een half uur, soms langer.<\/p>\n<p>Bij een acupunctuurbehandeling worden naalden in het lichaam geplaatst om tot een nieuwe balans in het lichaam te komen.<\/p>\n<p>Behandelingen worden vaak gecombineerd met andere therapievormen zoals voedingsadviezen, adviezen over de inname van vitaminen en mineralen, lichttherapie, electro-acupunctuur, cupping of massage. Bij een acupunctuurbehandeling is ontspanning vaak een belangrijk element. Onze behandelkamers zijn hierop ingericht. Een behandeling duurt meestal drie kwartier tot een uur.<\/p>\n<p>Een fytafit sessie vindt volledig in de oefenzaal plaats. Hier wordt onder persoonlijke begeleiding door de personal trainer en soms in een groepje aan persoonlijke doelen gewerkt.<\/p>\n<p>[\/et_pb_text][\/et_pb_column][et_pb_column type=&#8221;1_2&#8243; _builder_version=&#8221;4.16&#8243; _module_preset=&#8221;default&#8221; global_colors_info=&#8221;{}&#8221;][et_pb_image src=&#8221;https:\/\/dev.rangkuti-purmerend.nl\/wp-content\/uploads\/2021\/11\/20211118_092543-scaled-e1637228151811.jpg&#8221; title_text=&#8221;20211118_092543&#8243; _builder_version=&#8221;4.16&#8243; _module_preset=&#8221;648eb70b-e0ed-4a6f-a8a1-3e1c2245e2c7&#8243; global_colors_info=&#8221;{}&#8221;][\/et_pb_image][\/et_pb_column][\/et_pb_row][et_pb_row column_structure=&#8221;1_2,1_2&#8243; custom_padding_last_edited=&#8221;on|desktop&#8221; _builder_version=&#8221;4.16&#8243; _module_preset=&#8221;default&#8221; custom_padding=&#8221;29px|50px|29px|50px|true|true&#8221; custom_padding_tablet=&#8221;|50px||50px|true|true&#8221; custom_padding_phone=&#8221;|50px||50px|true|true&#8221; global_colors_info=&#8221;{}&#8221;][et_pb_column type=&#8221;1_2&#8243; _builder_version=&#8221;4.16&#8243; _module_preset=&#8221;default&#8221; global_colors_info=&#8221;{}&#8221;][et_pb_image src=&#8221;https:\/\/dev.rangkuti-purmerend.nl\/wp-content\/uploads\/2021\/11\/20211118_093701-scaled-e1637233000135.jpg&#8221; title_text=&#8221;20211118_093701&#8243; _builder_version=&#8221;4.16&#8243; _module_preset=&#8221;648eb70b-e0ed-4a6f-a8a1-3e1c2245e2c7&#8243; global_colors_info=&#8221;{}&#8221;][\/et_pb_image][\/et_pb_column][et_pb_column type=&#8221;1_2&#8243; _builder_version=&#8221;4.16&#8243; _module_preset=&#8221;default&#8221; global_colors_info=&#8221;{}&#8221;][et_pb_text _builder_version=&#8221;4.16&#8243; _module_preset=&#8221;default&#8221; header_4_font=&#8221;Noto Sans|700|||||||&#8221; header_4_font_size=&#8221;21px&#8221; custom_padding_tablet=&#8221;11px||||false|false&#8221; custom_padding_phone=&#8221;10px||||false|false&#8221; custom_padding_last_edited=&#8221;on|desktop&#8221; header_4_font_size_tablet=&#8221;18px&#8221; header_4_font_size_phone=&#8221;15px&#8221; header_4_font_size_last_edited=&#8221;on|desktop&#8221; global_colors_info=&#8221;{}&#8221;]<\/p>\n<div class=\"fusion-fullwidth fullwidth-box equal-height-columns alternate\" id=\"klachten\">\n<div class=\"avada-row\">\n<h2 class=\"fusion-clearfix\">Klachten<\/h2>\n<p>De meest uiteenlopende klachten worden in de praktijk behandeld. Een greep hieruit:<\/p>\n<h4>Klachten aan het\u00a0<strong>bewegingsapparaat<\/strong>,<\/h4>\n<p>zoals: nek- en rugklachten; ischias; schouder-; rug- en heupklachten; bursitis; knie- en enkelklachten; achillespeesklachten<\/p>\n<h4><strong>Neurologische klachten<\/strong>,<\/h4>\n<p>zoals: polyneuropathie; krachtsverlies; tintelingen; gevoelloosheid<\/p>\n<h4><strong>Psychosomatische klachten<\/strong>,<\/h4>\n<p>zoals: depressiviteit; angsten; lusteloosheid; fybromialgie; chronische vermoeidheid<\/p>\n<h4><strong>Klachten ontstaan door orgaanproblematiek<\/strong>,<\/h4>\n<p>zoals: misselijkheid; maagpijn; obstipatie; spataders; menstruatieproblemen; asthma; hooikoorts; allergie\u00ebn; bedplassen; kinderziekten; huidklachten<\/p>\n<h4><strong>Sportgerelateerde klachten<\/strong>,<\/h4>\n<p>zowel acute klachten als langerdurende klachten met ondersteuning voor re-integratie in de sport<\/p>\n<h4><strong>Typische vrouwenklachten<\/strong>,<\/h4>\n<p>zoals:kinderwens; misselijkheid tijdens de zwangerschap; PCOS; PMS; afwijkende menstruatie<\/p>\n<\/div>\n<\/div>\n<p>[\/et_pb_text][\/et_pb_column][\/et_pb_row][\/et_pb_section][et_pb_section fb_built=&#8221;1&#8243; custom_padding_last_edited=&#8221;on|tablet&#8221; _builder_version=&#8221;4.16&#8243; _module_preset=&#8221;default&#8221; custom_padding=&#8221;0px|20px||20px|false|true&#8221; custom_padding_tablet=&#8221;0px|0px||0px|false|true&#8221; custom_padding_phone=&#8221;0px|10px||10px|false|true&#8221; da_disable_devices=&#8221;off|off|off&#8221; global_colors_info=&#8221;{}&#8221; da_is_popup=&#8221;off&#8221; da_exit_intent=&#8221;off&#8221; da_has_close=&#8221;on&#8221; da_alt_close=&#8221;off&#8221; da_dark_close=&#8221;off&#8221; da_not_modal=&#8221;on&#8221; da_is_singular=&#8221;off&#8221; da_with_loader=&#8221;off&#8221; da_has_shadow=&#8221;on&#8221;][et_pb_row make_equal=&#8221;on&#8221; custom_padding_last_edited=&#8221;on|phone&#8221; admin_label=&#8221;Row&#8221; _builder_version=&#8221;4.16&#8243; _module_preset=&#8221;default&#8221; max_width=&#8221;1840px&#8221; custom_padding=&#8221;40px|50px|40px|50px|true|true&#8221; custom_padding_tablet=&#8221;40px|50px|40px|50px|true|true&#8221; custom_padding_phone=&#8221;5px|5px|5px|5px|true|true&#8221; global_colors_info=&#8221;{}&#8221;][et_pb_column type=&#8221;4_4&#8243; _builder_version=&#8221;4.16&#8243; _module_preset=&#8221;default&#8221; global_colors_info=&#8221;{}&#8221;][et_pb_text _builder_version=&#8221;4.16&#8243; _module_preset=&#8221;default&#8221; link_option_url=&#8221;https:\/\/dev.rangkuti-purmerend.nl\/therapievormen\/&#8221; global_colors_info=&#8221;{}&#8221;]<\/p>\n<h2 style=\"text-align: center;\">Wat doen wij?<\/h2>\n<p>[\/et_pb_text][\/et_pb_column][\/et_pb_row][et_pb_row column_structure=&#8221;1_4,1_4,1_4,1_4&#8243; make_equal=&#8221;on&#8221; custom_padding_last_edited=&#8221;on|phone&#8221; _builder_version=&#8221;4.16&#8243; _module_preset=&#8221;default&#8221; custom_padding=&#8221;40px|0px|40px|0px|true|true&#8221; custom_padding_tablet=&#8221;40px|50px|40px|50px|true|true&#8221; custom_padding_phone=&#8221;5px|5px|5px|5px|true|true&#8221; global_colors_info=&#8221;{}&#8221;][et_pb_column type=&#8221;1_4&#8243; _builder_version=&#8221;4.16&#8243; _module_preset=&#8221;default&#8221; global_colors_info=&#8221;{}&#8221;][et_pb_blurb title=&#8221;Acupunctuur&#8221; image=&#8221;https:\/\/dev.rangkuti-purmerend.nl\/wp-content\/uploads\/2021\/10\/Foto-2-1.jpg&#8221; image_icon_width_tablet=&#8221;75%&#8221; image_icon_width_phone=&#8221;75%&#8221; image_icon_width_last_edited=&#8221;on|tablet&#8221; content_max_width_tablet=&#8221;&#8221; content_max_width_phone=&#8221;&#8221; content_max_width_last_edited=&#8221;on|tablet&#8221; _builder_version=&#8221;4.14.5&#8243; _module_preset=&#8221;default&#8221; max_width=&#8221;490px&#8221; max_width_tablet=&#8221;&#8221; max_width_phone=&#8221;90%&#8221; max_width_last_edited=&#8221;on|tablet&#8221; module_alignment=&#8221;center&#8221; min_height=&#8221;570px&#8221; header_font_size_phone=&#8221;17px&#8221; global_module=&#8221;748&#8243; global_colors_info=&#8221;{}&#8221;]<\/p>\n<p>Acupunctuur is \u00e9\u00e9n van de therapie\u00ebn die onderdeel zijn van de Traditionele Chinese Geneeskunde. Het aanbrengen van dunne naalden zorgt voor herstel van de energiebalans in het lichaam. In een niet-gezond lichaam is er altijd een verstoring van de energiebalans. Tijdens het aanbrengen van naalden voel je een prikje. Het doet geen pijn.<\/p>\n<p>[\/et_pb_blurb][et_pb_button button_url=&#8221;@ET-DC@eyJkeW5hbWljIjp0cnVlLCJjb250ZW50IjoicG9zdF9saW5rX3VybF9wYWdlIiwic2V0dGluZ3MiOnsicG9zdF9pZCI6IjIyIn19@&#8221; button_text=&#8221;voor meer&#8221; _builder_version=&#8221;4.16&#8243; _dynamic_attributes=&#8221;button_url&#8221; _module_preset=&#8221;default&#8221; button_text_size=&#8221;14px&#8221; global_colors_info=&#8221;{}&#8221;][\/et_pb_button][\/et_pb_column][et_pb_column type=&#8221;1_4&#8243; _builder_version=&#8221;4.16&#8243; _module_preset=&#8221;default&#8221; global_colors_info=&#8221;{}&#8221;][et_pb_blurb title=&#8221;Fysiotherapie&#8221; image=&#8221;https:\/\/dev.rangkuti-purmerend.nl\/wp-content\/uploads\/2021\/10\/Foto-5geknipt-1.jpg&#8221; image_icon_width_tablet=&#8221;75%&#8221; image_icon_width_phone=&#8221;75%&#8221; image_icon_width_last_edited=&#8221;on|tablet&#8221; content_max_width_tablet=&#8221;&#8221; content_max_width_phone=&#8221;&#8221; content_max_width_last_edited=&#8221;on|tablet&#8221; admin_label=&#8221;Blurb&#8221; _builder_version=&#8221;4.14.4&#8243; _module_preset=&#8221;default&#8221; max_width=&#8221;490px&#8221; max_width_tablet=&#8221;490px&#8221; max_width_phone=&#8221;90%&#8221; max_width_last_edited=&#8221;on|tablet&#8221; module_alignment=&#8221;center&#8221; min_height=&#8221;570px&#8221; header_font_size_phone=&#8221;17px&#8221; global_module=&#8221;751&#8243; global_colors_info=&#8221;{}&#8221;]<\/p>\n<p>Bij fysiotherapie staan klachten aan het bewegingsapparaat centraal. Diverse technieken worden gehanteerd voor de behandeling van klachten: oefentherapie, massage, mobilisaties en dry needling. Ook wordt soms een uitstapje gemaakt naar acupunctuur, lichttherapie of voedingsadvies, wanneer dit in uw situatie effectievere ondersteuning biedt.<\/p>\n<p>[\/et_pb_blurb][et_pb_button button_url=&#8221;@ET-DC@eyJkeW5hbWljIjp0cnVlLCJjb250ZW50IjoicG9zdF9saW5rX3VybF9wYWdlIiwic2V0dGluZ3MiOnsicG9zdF9pZCI6IjI0In19@&#8221; button_text=&#8221;voor meer&#8221; _builder_version=&#8221;4.16&#8243; _dynamic_attributes=&#8221;button_url&#8221; _module_preset=&#8221;_initial&#8221; button_text_size=&#8221;14px&#8221; global_colors_info=&#8221;{}&#8221;][\/et_pb_button][\/et_pb_column][et_pb_column type=&#8221;1_4&#8243; _builder_version=&#8221;4.16&#8243; _module_preset=&#8221;default&#8221; global_colors_info=&#8221;{}&#8221;][et_pb_blurb title=&#8221;Voedingadvies&#8221; image=&#8221;https:\/\/dev.rangkuti-purmerend.nl\/wp-content\/uploads\/2021\/11\/Picture1.png&#8221; image_icon_width_tablet=&#8221;75%&#8221; image_icon_width_phone=&#8221;75%&#8221; image_icon_width_last_edited=&#8221;on|tablet&#8221; content_max_width_tablet=&#8221;&#8221; content_max_width_phone=&#8221;&#8221; content_max_width_last_edited=&#8221;on|tablet&#8221; _builder_version=&#8221;4.14.2&#8243; _module_preset=&#8221;default&#8221; max_width=&#8221;490px&#8221; max_width_tablet=&#8221;490px&#8221; max_width_phone=&#8221;90%&#8221; max_width_last_edited=&#8221;on|tablet&#8221; module_alignment=&#8221;center&#8221; min_height=&#8221;570px&#8221; header_font_size_phone=&#8221;17px&#8221; global_module=&#8221;755&#8243; global_colors_info=&#8221;{}&#8221;]<\/p>\n<p>Eten doe je dagelijks, maar goed eten is nog niet zo eenvoudig. En wat voor de \u00e9\u00e9n goed, is dat niet voor de ander. Wij helpen u met advisering op het gebied van voedingspatronen op maat, afvallen, vasten vanuit de westerse EN de oosterse geneeskunde.<\/p>\n<p>[\/et_pb_blurb][et_pb_button button_url=&#8221;@ET-DC@eyJkeW5hbWljIjp0cnVlLCJjb250ZW50IjoicG9zdF9saW5rX3VybF9wYWdlIiwic2V0dGluZ3MiOnsicG9zdF9pZCI6IjQyOSJ9fQ==@&#8221; button_text=&#8221;voor meer&#8221; _builder_version=&#8221;4.16&#8243; _dynamic_attributes=&#8221;button_url&#8221; _module_preset=&#8221;_initial&#8221; button_text_size=&#8221;14px&#8221; global_colors_info=&#8221;{}&#8221;][\/et_pb_button][\/et_pb_column][et_pb_column type=&#8221;1_4&#8243; _builder_version=&#8221;4.16&#8243; _module_preset=&#8221;default&#8221; global_colors_info=&#8221;{}&#8221;][et_pb_blurb title=&#8221;Dry Needling&#8221; image=&#8221;https:\/\/dev.rangkuti-purmerend.nl\/wp-content\/uploads\/2021\/10\/Foto-1-1.jpg&#8221; image_icon_width_tablet=&#8221;75%&#8221; image_icon_width_phone=&#8221;75%&#8221; image_icon_width_last_edited=&#8221;on|tablet&#8221; content_max_width_tablet=&#8221;&#8221; content_max_width_phone=&#8221;&#8221; content_max_width_last_edited=&#8221;on|tablet&#8221; _builder_version=&#8221;4.14.4&#8243; _module_preset=&#8221;default&#8221; max_width=&#8221;490px&#8221; max_width_tablet=&#8221;490px&#8221; max_width_phone=&#8221;90%&#8221; max_width_last_edited=&#8221;on|tablet&#8221; module_alignment=&#8221;center&#8221; min_height=&#8221;570px&#8221; header_font_size_phone=&#8221;17px&#8221; global_module=&#8221;772&#8243; global_colors_info=&#8221;{}&#8221;]<\/p>\n<p>Deze enorm effectieve manier van het behandelen van Triggerpoints of pijnpunten is een behandelmodaliteit die niet meer is weg te denken in onze praktijk. Onze pati\u00ebnten zeggen vaak dat wij hier Dry Needling 2.0 beoefenen, en dat is heel positief bedoeld!<\/p>\n<p>[\/et_pb_blurb][et_pb_button button_url=&#8221;@ET-DC@eyJkeW5hbWljIjp0cnVlLCJjb250ZW50IjoicG9zdF9saW5rX3VybF9wYWdlIiwic2V0dGluZ3MiOnsicG9zdF9pZCI6IjQ0MCJ9fQ==@&#8221; button_text=&#8221;voor meer&#8221; _builder_version=&#8221;4.16&#8243; _dynamic_attributes=&#8221;button_url&#8221; _module_preset=&#8221;_initial&#8221; button_text_size=&#8221;14px&#8221; global_colors_info=&#8221;{}&#8221;][\/et_pb_button][\/et_pb_column][\/et_pb_row][\/et_pb_section]<\/p>\n","protected":false},"excerpt":{"rendered":"<p>Welkom Fyta is een multidisciplinaire praktijk in Purmerend. Wij zijn gespecialiseerd in acupunctuur en fysiotherapie, maar ook in voeding, Chinese kruiden, orthomoleculaire supplementen en adviezen, lichttherapie en personal training. We doen dit al heel lang, met goede resultaten. Onze praktijk is gevestigd in Weidevenne en heeft een nevenvestiging in dezelfde straat: Acupunctuurpraktijk Rangkuti\u00a0\u00a0Purmerend. &nbsp;Werkwijze U [&hellip;]<\/p>\n","protected":false},"author":6,"featured_media":0,"parent":0,"menu_order":0,"comment_status":"closed","ping_status":"closed","template":"","meta":{"_et_pb_use_builder":"on","_et_pb_old_content":"<!-- wp:divi\/placeholder \/-->","_et_gb_content_width":"","footnotes":""},"class_list":["post-14","page","type-page","status-publish","hentry"],"_links":{"self":[{"href":"https:\/\/dev.rangkuti-purmerend.nl\/index.php?rest_route=\/wp\/v2\/pages\/14","targetHints":{"allow":["GET"]}}],"collection":[{"href":"https:\/\/dev.rangkuti-purmerend.nl\/index.php?rest_route=\/wp\/v2\/pages"}],"about":[{"href":"https:\/\/dev.rangkuti-purmerend.nl\/index.php?rest_route=\/wp\/v2\/types\/page"}],"author":[{"embeddable":true,"href":"https:\/\/dev.rangkuti-purmerend.nl\/index.php?rest_route=\/wp\/v2\/users\/6"}],"replies":[{"embeddable":true,"href":"https:\/\/dev.rangkuti-purmerend.nl\/index.php?rest_route=%2Fwp%2Fv2%2Fcomments&post=14"}],"version-history":[{"count":54,"href":"https:\/\/dev.rangkuti-purmerend.nl\/index.php?rest_route=\/wp\/v2\/pages\/14\/revisions"}],"predecessor-version":[{"id":1370,"href":"https:\/\/dev.rangkuti-purmerend.nl\/index.php?rest_route=\/wp\/v2\/pages\/14\/revisions\/1370"}],"wp:attachment":[{"href":"https:\/\/dev.rangkuti-purmerend.nl\/index.php?rest_route=%2Fwp%2Fv2%2Fmedia&parent=14"}],"curies":[{"name":"wp","href":"https:\/\/api.w.org\/{rel}","templated":true}]}}